{"id":30,"date":"2020-07-21T01:33:13","date_gmt":"2020-07-21T04:33:13","guid":{"rendered":"http:\/\/sima.org.uy\/?page_id=306"},"modified":"2021-06-07T15:49:37","modified_gmt":"2021-06-07T18:49:37","slug":"actas","status":"publish","type":"page","link":"https:\/\/sima.org.uy\/?page_id=30","title":{"rendered":"Secretaria de actas"},"content":{"rendered":"\t\t<div data-elementor-type=\"wp-page\" data-elementor-id=\"30\" class=\"elementor elementor-30\" data-elementor-post-type=\"page\">\n\t\t\t\t\t\t<section class=\"elementor-section elementor-top-section elementor-element elementor-element-ceb7d17 elementor-section-full_width elementor-section-height-default elementor-section-height-default\" data-id=\"ceb7d17\" data-element_type=\"section\" data-e-type=\"section\" data-settings=\"{&quot;background_background&quot;:&quot;classic&quot;}\">\n\t\t\t\t\t\t<div class=\"elementor-container elementor-column-gap-default\">\n\t\t\t\t\t<div class=\"elementor-column elementor-col-100 elementor-top-column elementor-element elementor-element-af6a6be\" data-id=\"af6a6be\" data-element_type=\"column\" data-e-type=\"column\" data-settings=\"{&quot;background_background&quot;:&quot;classic&quot;}\">\n\t\t\t<div class=\"elementor-widget-wrap elementor-element-populated\">\n\t\t\t\t\t\t<div class=\"elementor-element elementor-element-35c564a elementor-widget__width-inherit elementor-widget elementor-widget-image\" data-id=\"35c564a\" data-element_type=\"widget\" data-e-type=\"widget\" data-widget_type=\"image.default\">\n\t\t\t\t\t\t\t\t\t\t\t\t\t\t\t<img fetchpriority=\"high\" decoding=\"async\" width=\"2048\" height=\"256\" src=\"https:\/\/sima.org.uy\/wp-content\/uploads\/2021\/06\/encabezado-2021-2048x256.png\" class=\"attachment-2048x2048 size-2048x2048 wp-image-1267\" alt=\"\" srcset=\"https:\/\/sima.org.uy\/wp-content\/uploads\/2021\/06\/encabezado-2021-2048x256.png 2048w, https:\/\/sima.org.uy\/wp-content\/uploads\/2021\/06\/encabezado-2021-300x38.png 300w, https:\/\/sima.org.uy\/wp-content\/uploads\/2021\/06\/encabezado-2021-1024x128.png 1024w, https:\/\/sima.org.uy\/wp-content\/uploads\/2021\/06\/encabezado-2021-768x96.png 768w, https:\/\/sima.org.uy\/wp-content\/uploads\/2021\/06\/encabezado-2021-1536x192.png 1536w, https:\/\/sima.org.uy\/wp-content\/uploads\/2021\/06\/encabezado-2021-1568x196.png 1568w\" sizes=\"(max-width: 34.9rem) calc(100vw - 2rem), (max-width: 53rem) calc(8 * (100vw \/ 12)), (min-width: 53rem) calc(6 * (100vw \/ 12)), 100vw\" \/>\t\t\t\t\t\t\t\t\t\t\t\t\t\t\t<\/div>\n\t\t\t\t\t<\/div>\n\t\t<\/div>\n\t\t\t\t\t<\/div>\n\t\t<\/section>\n\t\t\t\t<section class=\"elementor-section elementor-top-section elementor-element elementor-element-cf43919 elementor-section-boxed elementor-section-height-default elementor-section-height-default\" data-id=\"cf43919\" data-element_type=\"section\" data-e-type=\"section\">\n\t\t\t\t\t\t<div class=\"elementor-container elementor-column-gap-default\">\n\t\t\t\t\t<div class=\"elementor-column elementor-col-100 elementor-top-column elementor-element elementor-element-e5f6053\" data-id=\"e5f6053\" data-element_type=\"column\" data-e-type=\"column\">\n\t\t\t<div class=\"elementor-widget-wrap elementor-element-populated\">\n\t\t\t\t\t\t<div class=\"elementor-element elementor-element-48a13cd elementor-nav-menu--dropdown-mobile elementor-nav-menu__align-center elementor-nav-menu__text-align-aside elementor-nav-menu--toggle elementor-nav-menu--burger elementor-widget elementor-widget-nav-menu\" data-id=\"48a13cd\" data-element_type=\"widget\" data-e-type=\"widget\" data-settings=\"{&quot;layout&quot;:&quot;horizontal&quot;,&quot;submenu_icon&quot;:{&quot;value&quot;:&quot;&lt;svg aria-hidden=\\&quot;true\\&quot; class=\\&quot;e-font-icon-svg e-fas-caret-down\\&quot; viewBox=\\&quot;0 0 320 512\\&quot; xmlns=\\&quot;http:\\\/\\\/www.w3.org\\\/2000\\\/svg\\&quot;&gt;&lt;path d=\\&quot;M31.3 192h257.3c17.8 0 26.7 21.5 14.1 34.1L174.1 354.8c-7.8 7.8-20.5 7.8-28.3 0L17.2 226.1C4.6 213.5 13.5 192 31.3 192z\\&quot;&gt;&lt;\\\/path&gt;&lt;\\\/svg&gt;&quot;,&quot;library&quot;:&quot;fa-solid&quot;},&quot;toggle&quot;:&quot;burger&quot;}\" data-widget_type=\"nav-menu.default\">\n\t\t\t\t\t\t\t\t<nav aria-label=\"Menu\" class=\"elementor-nav-menu--main elementor-nav-menu__container elementor-nav-menu--layout-horizontal e--pointer-underline e--animation-fade\">\n\t\t\t\t<ul id=\"menu-1-48a13cd\" class=\"elementor-nav-menu\"><li class=\"menu-item menu-item-type-post_type menu-item-object-page menu-item-home menu-item-103\"><a href=\"https:\/\/sima.org.uy\/\" class=\"elementor-item\">Inicio<\/a><\/li>\n<li class=\"menu-item menu-item-type-custom menu-item-object-custom menu-item-has-children menu-item-366\"><a class=\"elementor-item\">Sobre el SIMA<\/a>\n<ul class=\"sub-menu elementor-nav-menu--dropdown\">\n\t<li class=\"menu-item menu-item-type-post_type menu-item-object-page menu-item-88\"><a href=\"https:\/\/sima.org.uy\/?page_id=77\" class=\"elementor-sub-item\">Quienes somos<\/a><\/li>\n\t<li class=\"menu-item menu-item-type-post_type menu-item-object-page menu-item-115\"><a href=\"https:\/\/sima.org.uy\/?page_id=33\" class=\"elementor-sub-item\">Comisi\u00f3n directiva<\/a><\/li>\n\t<li class=\"menu-item menu-item-type-post_type menu-item-object-page menu-item-116\"><a href=\"https:\/\/sima.org.uy\/?page_id=46\" class=\"elementor-sub-item\">Historia<\/a><\/li>\n\t<li class=\"menu-item menu-item-type-post_type menu-item-object-page menu-item-117\"><a href=\"https:\/\/sima.org.uy\/?page_id=34\" class=\"elementor-sub-item\">Comit\u00e9s de base<\/a><\/li>\n\t<li class=\"menu-item menu-item-type-post_type menu-item-object-page menu-item-118\"><a href=\"https:\/\/sima.org.uy\/?page_id=31\" class=\"elementor-sub-item\">Beneficios para afiliados y afiliadas<\/a><\/li>\n<\/ul>\n<\/li>\n<li class=\"menu-item menu-item-type-custom menu-item-object-custom menu-item-has-children menu-item-367\"><a class=\"elementor-item\">Secretaria y comisiones<\/a>\n<ul class=\"sub-menu elementor-nav-menu--dropdown\">\n\t<li class=\"menu-item menu-item-type-post_type menu-item-object-page menu-item-462\"><a href=\"https:\/\/sima.org.uy\/?page_id=460\" class=\"elementor-sub-item\">Secretaria General<\/a><\/li>\n\t<li class=\"menu-item menu-item-type-post_type menu-item-object-page menu-item-455\"><a href=\"https:\/\/sima.org.uy\/?page_id=30\" class=\"elementor-sub-item\">Secretaria de actas<\/a><\/li>\n\t<li class=\"menu-item menu-item-type-post_type menu-item-object-page menu-item-120\"><a href=\"https:\/\/sima.org.uy\/?page_id=79\" class=\"elementor-sub-item\">Secretaria de finanzas<\/a><\/li>\n\t<li class=\"menu-item menu-item-type-post_type menu-item-object-page menu-item-121\"><a href=\"https:\/\/sima.org.uy\/?page_id=80\" class=\"elementor-sub-item\">Secretaria de organizaci\u00f3n<\/a><\/li>\n\t<li class=\"menu-item menu-item-type-post_type menu-item-object-page menu-item-124\"><a href=\"https:\/\/sima.org.uy\/?page_id=84\" class=\"elementor-sub-item\">Secretaria de salud laboral y medio ambiente<\/a><\/li>\n\t<li class=\"menu-item menu-item-type-post_type menu-item-object-page menu-item-125\"><a href=\"https:\/\/sima.org.uy\/?page_id=81\" class=\"elementor-sub-item\">Secretaria de prensa y propaganda<\/a><\/li>\n\t<li class=\"menu-item menu-item-type-post_type menu-item-object-page menu-item-122\"><a href=\"https:\/\/sima.org.uy\/?page_id=82\" class=\"elementor-sub-item\">Secretaria de reclamaciones y conflictos<\/a><\/li>\n\t<li class=\"menu-item menu-item-type-post_type menu-item-object-page menu-item-123\"><a href=\"https:\/\/sima.org.uy\/?page_id=83\" class=\"elementor-sub-item\">Secretaria de relaciones sindicales<\/a><\/li>\n\t<li class=\"menu-item menu-item-type-post_type menu-item-object-page menu-item-126\"><a href=\"https:\/\/sima.org.uy\/?page_id=32\" class=\"elementor-sub-item\">Comisi\u00f3n de genero, equidad y diversidad<\/a><\/li>\n<\/ul>\n<\/li>\n<li class=\"menu-item menu-item-type-custom menu-item-object-custom menu-item-has-children menu-item-368\"><a class=\"elementor-item\">Documentos<\/a>\n<ul class=\"sub-menu elementor-nav-menu--dropdown\">\n\t<li class=\"menu-item menu-item-type-post_type menu-item-object-page menu-item-128\"><a href=\"https:\/\/sima.org.uy\/?page_id=40\" class=\"elementor-sub-item\">Estatutos<\/a><\/li>\n\t<li class=\"menu-item menu-item-type-post_type menu-item-object-page menu-item-102\"><a href=\"https:\/\/sima.org.uy\/?page_id=72\" class=\"elementor-sub-item\">Libro de categor\u00edas<\/a><\/li>\n\t<li class=\"menu-item menu-item-type-post_type menu-item-object-page menu-item-101\"><a href=\"https:\/\/sima.org.uy\/?page_id=37\" class=\"elementor-sub-item\">Convenios colectivos<\/a><\/li>\n\t<li class=\"menu-item menu-item-type-post_type menu-item-object-page menu-item-99\"><a href=\"https:\/\/sima.org.uy\/?page_id=42\" class=\"elementor-sub-item\">Formulario de afiliaci\u00f3n<\/a><\/li>\n\t<li class=\"menu-item menu-item-type-post_type menu-item-object-page menu-item-677\"><a href=\"https:\/\/sima.org.uy\/?page_id=472\" class=\"elementor-sub-item\">Noticias<\/a><\/li>\n\t<li class=\"menu-item menu-item-type-post_type menu-item-object-page menu-item-98\"><a href=\"https:\/\/sima.org.uy\/?page_id=35\" class=\"elementor-sub-item\">Comunicados<\/a><\/li>\n<\/ul>\n<\/li>\n<li class=\"menu-item menu-item-type-custom menu-item-object-custom menu-item-has-children menu-item-369\"><a class=\"elementor-item\">Multimedia<\/a>\n<ul class=\"sub-menu elementor-nav-menu--dropdown\">\n\t<li class=\"menu-item menu-item-type-post_type menu-item-object-page menu-item-89\"><a href=\"https:\/\/sima.org.uy\/?page_id=39\" class=\"elementor-sub-item\">El remedio<\/a><\/li>\n\t<li class=\"menu-item menu-item-type-post_type menu-item-object-page menu-item-95\"><a href=\"https:\/\/sima.org.uy\/?page_id=43\" class=\"elementor-sub-item\">Galeria de im\u00e1genes<\/a><\/li>\n\t<li class=\"menu-item menu-item-type-post_type menu-item-object-page menu-item-94\"><a href=\"https:\/\/sima.org.uy\/?page_id=44\" class=\"elementor-sub-item\">Galer\u00eda de videos<\/a><\/li>\n<\/ul>\n<\/li>\n<li class=\"menu-item menu-item-type-post_type menu-item-object-page menu-item-91\"><a href=\"https:\/\/sima.org.uy\/?page_id=36\" class=\"elementor-item\">Contacto<\/a><\/li>\n<li class=\"bop-nav-search menu-item menu-item-type-search menu-item-object- menu-item-868\">\t\t\t<form  class=\"bop-nav-search menu-item menu-item-type-search menu-item-object- menu-item-868\" role=\"search\" method=\"get\" action=\"https:\/\/sima.org.uy\/\">\n\t\t\t\t\t\t\t\t<label>\n\t\t\t\t\t<span class=\"screen-reader-text\">Search<\/span>\t\t\t\t\t\t\t\t\t\t<input type=\"search\" class=\"search-field\" placeholder=\"\" value=\"\" name=\"s\" title=\"\" \/>\n\t\t\t\t<\/label>\n\t\t\t\t\t\t\t\t\t<input type=\"submit\" class=\"search-submit\" value=\"Buscar\" \/>\n\t\t\t\t\t\t\t<\/form>\n\t\t<\/li>\n<\/ul>\t\t\t<\/nav>\n\t\t\t\t\t<div class=\"elementor-menu-toggle\" role=\"button\" tabindex=\"0\" aria-label=\"Menu Toggle\" aria-expanded=\"false\">\n\t\t\t<svg aria-hidden=\"true\" role=\"presentation\" class=\"elementor-menu-toggle__icon--open e-font-icon-svg e-eicon-menu-bar\" viewBox=\"0 0 1000 1000\" xmlns=\"http:\/\/www.w3.org\/2000\/svg\"><path d=\"M104 333H896C929 333 958 304 958 271S929 208 896 208H104C71 208 42 237 42 271S71 333 104 333ZM104 583H896C929 583 958 554 958 521S929 458 896 458H104C71 458 42 487 42 521S71 583 104 583ZM104 833H896C929 833 958 804 958 771S929 708 896 708H104C71 708 42 737 42 771S71 833 104 833Z\"><\/path><\/svg><svg aria-hidden=\"true\" role=\"presentation\" class=\"elementor-menu-toggle__icon--close e-font-icon-svg e-eicon-close\" viewBox=\"0 0 1000 1000\" xmlns=\"http:\/\/www.w3.org\/2000\/svg\"><path d=\"M742 167L500 408 258 167C246 154 233 150 217 150 196 150 179 158 167 167 154 179 150 196 150 212 150 229 154 242 171 254L408 500 167 742C138 771 138 800 167 829 196 858 225 858 254 829L496 587 738 829C750 842 767 846 783 846 800 846 817 842 829 829 842 817 846 804 846 783 846 767 842 750 829 737L588 500 833 258C863 229 863 200 833 171 804 137 775 137 742 167Z\"><\/path><\/svg>\t\t<\/div>\n\t\t\t\t\t<nav class=\"elementor-nav-menu--dropdown elementor-nav-menu__container\" aria-hidden=\"true\">\n\t\t\t\t<ul id=\"menu-2-48a13cd\" class=\"elementor-nav-menu\"><li class=\"menu-item menu-item-type-post_type menu-item-object-page menu-item-home menu-item-103\"><a href=\"https:\/\/sima.org.uy\/\" class=\"elementor-item\" tabindex=\"-1\">Inicio<\/a><\/li>\n<li class=\"menu-item menu-item-type-custom menu-item-object-custom menu-item-has-children menu-item-366\"><a class=\"elementor-item\" tabindex=\"-1\">Sobre el SIMA<\/a>\n<ul class=\"sub-menu elementor-nav-menu--dropdown\">\n\t<li class=\"menu-item menu-item-type-post_type menu-item-object-page menu-item-88\"><a href=\"https:\/\/sima.org.uy\/?page_id=77\" class=\"elementor-sub-item\" tabindex=\"-1\">Quienes somos<\/a><\/li>\n\t<li class=\"menu-item menu-item-type-post_type menu-item-object-page menu-item-115\"><a href=\"https:\/\/sima.org.uy\/?page_id=33\" class=\"elementor-sub-item\" tabindex=\"-1\">Comisi\u00f3n directiva<\/a><\/li>\n\t<li class=\"menu-item menu-item-type-post_type menu-item-object-page menu-item-116\"><a href=\"https:\/\/sima.org.uy\/?page_id=46\" class=\"elementor-sub-item\" tabindex=\"-1\">Historia<\/a><\/li>\n\t<li class=\"menu-item menu-item-type-post_type menu-item-object-page menu-item-117\"><a href=\"https:\/\/sima.org.uy\/?page_id=34\" class=\"elementor-sub-item\" tabindex=\"-1\">Comit\u00e9s de base<\/a><\/li>\n\t<li class=\"menu-item menu-item-type-post_type menu-item-object-page menu-item-118\"><a href=\"https:\/\/sima.org.uy\/?page_id=31\" class=\"elementor-sub-item\" tabindex=\"-1\">Beneficios para afiliados y afiliadas<\/a><\/li>\n<\/ul>\n<\/li>\n<li class=\"menu-item menu-item-type-custom menu-item-object-custom menu-item-has-children menu-item-367\"><a class=\"elementor-item\" tabindex=\"-1\">Secretaria y comisiones<\/a>\n<ul class=\"sub-menu elementor-nav-menu--dropdown\">\n\t<li class=\"menu-item menu-item-type-post_type menu-item-object-page menu-item-462\"><a href=\"https:\/\/sima.org.uy\/?page_id=460\" class=\"elementor-sub-item\" tabindex=\"-1\">Secretaria General<\/a><\/li>\n\t<li class=\"menu-item menu-item-type-post_type menu-item-object-page menu-item-455\"><a href=\"https:\/\/sima.org.uy\/?page_id=30\" class=\"elementor-sub-item\" tabindex=\"-1\">Secretaria de actas<\/a><\/li>\n\t<li class=\"menu-item menu-item-type-post_type menu-item-object-page menu-item-120\"><a href=\"https:\/\/sima.org.uy\/?page_id=79\" class=\"elementor-sub-item\" tabindex=\"-1\">Secretaria de finanzas<\/a><\/li>\n\t<li class=\"menu-item menu-item-type-post_type menu-item-object-page menu-item-121\"><a href=\"https:\/\/sima.org.uy\/?page_id=80\" class=\"elementor-sub-item\" tabindex=\"-1\">Secretaria de organizaci\u00f3n<\/a><\/li>\n\t<li class=\"menu-item menu-item-type-post_type menu-item-object-page menu-item-124\"><a href=\"https:\/\/sima.org.uy\/?page_id=84\" class=\"elementor-sub-item\" tabindex=\"-1\">Secretaria de salud laboral y medio ambiente<\/a><\/li>\n\t<li class=\"menu-item menu-item-type-post_type menu-item-object-page menu-item-125\"><a href=\"https:\/\/sima.org.uy\/?page_id=81\" class=\"elementor-sub-item\" tabindex=\"-1\">Secretaria de prensa y propaganda<\/a><\/li>\n\t<li class=\"menu-item menu-item-type-post_type menu-item-object-page menu-item-122\"><a href=\"https:\/\/sima.org.uy\/?page_id=82\" class=\"elementor-sub-item\" tabindex=\"-1\">Secretaria de reclamaciones y conflictos<\/a><\/li>\n\t<li class=\"menu-item menu-item-type-post_type menu-item-object-page menu-item-123\"><a href=\"https:\/\/sima.org.uy\/?page_id=83\" class=\"elementor-sub-item\" tabindex=\"-1\">Secretaria de relaciones sindicales<\/a><\/li>\n\t<li class=\"menu-item menu-item-type-post_type menu-item-object-page menu-item-126\"><a href=\"https:\/\/sima.org.uy\/?page_id=32\" class=\"elementor-sub-item\" tabindex=\"-1\">Comisi\u00f3n de genero, equidad y diversidad<\/a><\/li>\n<\/ul>\n<\/li>\n<li class=\"menu-item menu-item-type-custom menu-item-object-custom menu-item-has-children menu-item-368\"><a class=\"elementor-item\" tabindex=\"-1\">Documentos<\/a>\n<ul class=\"sub-menu elementor-nav-menu--dropdown\">\n\t<li class=\"menu-item menu-item-type-post_type menu-item-object-page menu-item-128\"><a href=\"https:\/\/sima.org.uy\/?page_id=40\" class=\"elementor-sub-item\" tabindex=\"-1\">Estatutos<\/a><\/li>\n\t<li class=\"menu-item menu-item-type-post_type menu-item-object-page menu-item-102\"><a href=\"https:\/\/sima.org.uy\/?page_id=72\" class=\"elementor-sub-item\" tabindex=\"-1\">Libro de categor\u00edas<\/a><\/li>\n\t<li class=\"menu-item menu-item-type-post_type menu-item-object-page menu-item-101\"><a href=\"https:\/\/sima.org.uy\/?page_id=37\" class=\"elementor-sub-item\" tabindex=\"-1\">Convenios colectivos<\/a><\/li>\n\t<li class=\"menu-item menu-item-type-post_type menu-item-object-page menu-item-99\"><a href=\"https:\/\/sima.org.uy\/?page_id=42\" class=\"elementor-sub-item\" tabindex=\"-1\">Formulario de afiliaci\u00f3n<\/a><\/li>\n\t<li class=\"menu-item menu-item-type-post_type menu-item-object-page menu-item-677\"><a href=\"https:\/\/sima.org.uy\/?page_id=472\" class=\"elementor-sub-item\" tabindex=\"-1\">Noticias<\/a><\/li>\n\t<li class=\"menu-item menu-item-type-post_type menu-item-object-page menu-item-98\"><a href=\"https:\/\/sima.org.uy\/?page_id=35\" class=\"elementor-sub-item\" tabindex=\"-1\">Comunicados<\/a><\/li>\n<\/ul>\n<\/li>\n<li class=\"menu-item menu-item-type-custom menu-item-object-custom menu-item-has-children menu-item-369\"><a class=\"elementor-item\" tabindex=\"-1\">Multimedia<\/a>\n<ul class=\"sub-menu elementor-nav-menu--dropdown\">\n\t<li class=\"menu-item menu-item-type-post_type menu-item-object-page menu-item-89\"><a href=\"https:\/\/sima.org.uy\/?page_id=39\" class=\"elementor-sub-item\" tabindex=\"-1\">El remedio<\/a><\/li>\n\t<li class=\"menu-item menu-item-type-post_type menu-item-object-page menu-item-95\"><a href=\"https:\/\/sima.org.uy\/?page_id=43\" class=\"elementor-sub-item\" tabindex=\"-1\">Galeria de im\u00e1genes<\/a><\/li>\n\t<li class=\"menu-item menu-item-type-post_type menu-item-object-page menu-item-94\"><a href=\"https:\/\/sima.org.uy\/?page_id=44\" class=\"elementor-sub-item\" tabindex=\"-1\">Galer\u00eda de videos<\/a><\/li>\n<\/ul>\n<\/li>\n<li class=\"menu-item menu-item-type-post_type menu-item-object-page menu-item-91\"><a href=\"https:\/\/sima.org.uy\/?page_id=36\" class=\"elementor-item\" tabindex=\"-1\">Contacto<\/a><\/li>\n<li class=\"bop-nav-search menu-item menu-item-type-search menu-item-object- menu-item-868\">\t\t\t<form  class=\"bop-nav-search menu-item menu-item-type-search menu-item-object- menu-item-868\" role=\"search\" method=\"get\" action=\"https:\/\/sima.org.uy\/\">\n\t\t\t\t\t\t\t\t<label>\n\t\t\t\t\t<span class=\"screen-reader-text\">Search<\/span>\t\t\t\t\t\t\t\t\t\t<input type=\"search\" class=\"search-field\" placeholder=\"\" value=\"\" name=\"s\" title=\"\" \/>\n\t\t\t\t<\/label>\n\t\t\t\t\t\t\t\t\t<input type=\"submit\" class=\"search-submit\" value=\"Buscar\" \/>\n\t\t\t\t\t\t\t<\/form>\n\t\t<\/li>\n<\/ul>\t\t\t<\/nav>\n\t\t\t\t\t\t<\/div>\n\t\t\t\t\t<\/div>\n\t\t<\/div>\n\t\t\t\t\t<\/div>\n\t\t<\/section>\n\t\t\t\t<section class=\"elementor-section elementor-top-section elementor-element elementor-element-df8b201 elementor-section-boxed elementor-section-height-default elementor-section-height-default\" data-id=\"df8b201\" data-element_type=\"section\" data-e-type=\"section\">\n\t\t\t\t\t\t<div class=\"elementor-container elementor-column-gap-default\">\n\t\t\t\t\t<div class=\"elementor-column elementor-col-100 elementor-top-column elementor-element elementor-element-3ff94e7\" data-id=\"3ff94e7\" data-element_type=\"column\" data-e-type=\"column\">\n\t\t\t<div class=\"elementor-widget-wrap elementor-element-populated\">\n\t\t\t\t\t\t<div class=\"elementor-element elementor-element-5b116e5 elementor-widget elementor-widget-image\" data-id=\"5b116e5\" data-element_type=\"widget\" data-e-type=\"widget\" data-widget_type=\"image.default\">\n\t\t\t\t\t\t\t\t\t\t\t\t\t\t\t<img decoding=\"async\" width=\"640\" height=\"238\" src=\"https:\/\/sima.org.uy\/wp-content\/uploads\/2020\/09\/cabezal-en-paginas-1024x380.jpg\" class=\"attachment-large size-large wp-image-262\" alt=\"\" srcset=\"https:\/\/sima.org.uy\/wp-content\/uploads\/2020\/09\/cabezal-en-paginas-1024x380.jpg 1024w, https:\/\/sima.org.uy\/wp-content\/uploads\/2020\/09\/cabezal-en-paginas-300x111.jpg 300w, https:\/\/sima.org.uy\/wp-content\/uploads\/2020\/09\/cabezal-en-paginas-768x285.jpg 768w, https:\/\/sima.org.uy\/wp-content\/uploads\/2020\/09\/cabezal-en-paginas-1536x570.jpg 1536w, https:\/\/sima.org.uy\/wp-content\/uploads\/2020\/09\/cabezal-en-paginas-2048x761.jpg 2048w\" sizes=\"(max-width: 34.9rem) calc(100vw - 2rem), (max-width: 53rem) calc(8 * (100vw \/ 12)), (min-width: 53rem) calc(6 * (100vw \/ 12)), 100vw\" \/>\t\t\t\t\t\t\t\t\t\t\t\t\t\t\t<\/div>\n\t\t\t\t<div class=\"elementor-element elementor-element-50bd3a1 elementor-widget elementor-widget-text-editor\" data-id=\"50bd3a1\" data-element_type=\"widget\" data-e-type=\"widget\" data-widget_type=\"text-editor.default\">\n\t\t\t\t\t\t\t\t\t<p style=\"text-align: center;\"><span style=\"font-family: sima; font-size: 32px; text-align: center;\">SECRETARIA DE ACTAS<\/span><\/p><p>Corresponde a la Secretar\u00eda de Actas, levantar las actas de las sesiones de la Comisi\u00f3n Directiva y de las Asambleas que realice la Organizaci\u00f3n.<\/p><p>Secretaria de Actas: Zoya Franco<\/p>\t\t\t\t\t\t\t\t<\/div>\n\t\t\t\t\t<\/div>\n\t\t<\/div>\n\t\t\t\t\t<\/div>\n\t\t<\/section>\n\t\t\t\t<section class=\"elementor-section elementor-top-section elementor-element elementor-element-32d09c8 elementor-section-stretched elementor-section-full_width elementor-section-height-default elementor-section-height-default\" data-id=\"32d09c8\" data-element_type=\"section\" data-e-type=\"section\" data-settings=\"{&quot;stretch_section&quot;:&quot;section-stretched&quot;,&quot;background_background&quot;:&quot;classic&quot;}\">\n\t\t\t\t\t\t<div class=\"elementor-container elementor-column-gap-no\">\n\t\t\t\t\t<div class=\"elementor-column elementor-col-25 elementor-top-column elementor-element elementor-element-eddd2d3\" data-id=\"eddd2d3\" data-element_type=\"column\" data-e-type=\"column\">\n\t\t\t<div class=\"elementor-widget-wrap elementor-element-populated\">\n\t\t\t\t\t\t<div class=\"elementor-element elementor-element-bd7c72c elementor-widget elementor-widget-image\" data-id=\"bd7c72c\" data-element_type=\"widget\" data-e-type=\"widget\" data-widget_type=\"image.default\">\n\t\t\t\t\t\t\t\t\t\t\t\t\t\t\t<img decoding=\"async\" width=\"640\" height=\"381\" src=\"https:\/\/sima.org.uy\/wp-content\/uploads\/2020\/07\/Logo-blanco-fondo-transparente-1024x609.png\" class=\"attachment-large size-large wp-image-48\" alt=\"\" srcset=\"https:\/\/sima.org.uy\/wp-content\/uploads\/2020\/07\/Logo-blanco-fondo-transparente-1024x609.png 1024w, https:\/\/sima.org.uy\/wp-content\/uploads\/2020\/07\/Logo-blanco-fondo-transparente-300x178.png 300w, https:\/\/sima.org.uy\/wp-content\/uploads\/2020\/07\/Logo-blanco-fondo-transparente-768x456.png 768w, https:\/\/sima.org.uy\/wp-content\/uploads\/2020\/07\/Logo-blanco-fondo-transparente-1536x913.png 1536w, https:\/\/sima.org.uy\/wp-content\/uploads\/2020\/07\/Logo-blanco-fondo-transparente-1200x713.png 1200w, https:\/\/sima.org.uy\/wp-content\/uploads\/2020\/07\/Logo-blanco-fondo-transparente.png 1642w\" sizes=\"(max-width: 34.9rem) calc(100vw - 2rem), (max-width: 53rem) calc(8 * (100vw \/ 12)), (min-width: 53rem) calc(6 * (100vw \/ 12)), 100vw\" \/>\t\t\t\t\t\t\t\t\t\t\t\t\t\t\t<\/div>\n\t\t\t\t\t<\/div>\n\t\t<\/div>\n\t\t\t\t<div class=\"elementor-column elementor-col-25 elementor-top-column elementor-element elementor-element-c9923d3\" data-id=\"c9923d3\" data-element_type=\"column\" data-e-type=\"column\">\n\t\t\t<div class=\"elementor-widget-wrap elementor-element-populated\">\n\t\t\t\t\t\t<div class=\"elementor-element elementor-element-3820b89 elementor-hidden-phone elementor-widget elementor-widget-text-editor\" data-id=\"3820b89\" data-element_type=\"widget\" data-e-type=\"widget\" data-widget_type=\"text-editor.default\">\n\t\t\t\t\t\t\t\t\t<p style=\"text-align: center;\"><span style=\"font-size: 18pt; font-family: sima;\">Sindicato de la Industria\u00a0<br \/><\/span><span style=\"font-size: 18pt; font-family: sima;\">del\u00a0Medicamento y Afines<\/span><\/p>\t\t\t\t\t\t\t\t<\/div>\n\t\t\t\t\t<\/div>\n\t\t<\/div>\n\t\t\t\t<div class=\"elementor-column elementor-col-25 elementor-top-column elementor-element elementor-element-9b2ef2d\" data-id=\"9b2ef2d\" data-element_type=\"column\" data-e-type=\"column\">\n\t\t\t<div class=\"elementor-widget-wrap elementor-element-populated\">\n\t\t\t\t\t\t<div class=\"elementor-element elementor-element-956c7c6 elementor-widget elementor-widget-text-editor\" data-id=\"956c7c6\" data-element_type=\"widget\" data-e-type=\"widget\" data-widget_type=\"text-editor.default\">\n\t\t\t\t\t\t\t\t\t<p><span style=\"font-family: sima; font-size: 18pt;\">+598 2400 1233\u00a0<\/span><br \/><span style=\"font-family: sima; font-size: 18pt;\">Martin C. Martinez 1686<\/span><\/p>\t\t\t\t\t\t\t\t<\/div>\n\t\t\t\t\t<\/div>\n\t\t<\/div>\n\t\t\t\t<div class=\"elementor-column elementor-col-25 elementor-top-column elementor-element elementor-element-be14016\" data-id=\"be14016\" data-element_type=\"column\" data-e-type=\"column\">\n\t\t\t<div class=\"elementor-widget-wrap elementor-element-populated\">\n\t\t\t\t\t\t<div class=\"elementor-element elementor-element-27f8601 elementor-hidden-phone elementor-widget elementor-widget-text-editor\" data-id=\"27f8601\" data-element_type=\"widget\" data-e-type=\"widget\" data-widget_type=\"text-editor.default\">\n\t\t\t\t\t\t\t\t\t<p><span style=\"font-family: sima; font-size: 18pt;\">www.sima.org.uy<\/span><br \/><span style=\"font-family: sima; font-size: 18pt;\">secretaria@sima.org.uy<\/span><\/p>\t\t\t\t\t\t\t\t<\/div>\n\t\t\t\t\t<\/div>\n\t\t<\/div>\n\t\t\t\t\t<\/div>\n\t\t<\/section>\n\t\t\t\t<\/div>\n\t\t","protected":false},"excerpt":{"rendered":"<p>SECRETARIA DE ACTAS Corresponde a la Secretar\u00eda de Actas, levantar las actas de las sesiones de la Comisi\u00f3n Directiva y de las Asambleas que realice la Organizaci\u00f3n. Secretaria de Actas: Zoya Franco Sindicato de la Industria\u00a0del\u00a0Medicamento y Afines +598 2400 1233\u00a0Martin C. Martinez 1686 www.sima.org.uysecretaria@sima.org.uy<\/p>\n","protected":false},"author":1,"featured_media":0,"parent":0,"menu_order":0,"comment_status":"closed","ping_status":"closed","template":"elementor_canvas","meta":{"_background_id":0,"_xo_background":[],"footnotes":""},"class_list":["post-30","page","type-page","status-publish","hentry","entry"],"_links":{"self":[{"href":"https:\/\/sima.org.uy\/index.php?rest_route=\/wp\/v2\/pages\/30","targetHints":{"allow":["GET"]}}],"collection":[{"href":"https:\/\/sima.org.uy\/index.php?rest_route=\/wp\/v2\/pages"}],"about":[{"href":"https:\/\/sima.org.uy\/index.php?rest_route=\/wp\/v2\/types\/page"}],"author":[{"embeddable":true,"href":"https:\/\/sima.org.uy\/index.php?rest_route=\/wp\/v2\/users\/1"}],"replies":[{"embeddable":true,"href":"https:\/\/sima.org.uy\/index.php?rest_route=%2Fwp%2Fv2%2Fcomments&post=30"}],"version-history":[{"count":16,"href":"https:\/\/sima.org.uy\/index.php?rest_route=\/wp\/v2\/pages\/30\/revisions"}],"predecessor-version":[{"id":1333,"href":"https:\/\/sima.org.uy\/index.php?rest_route=\/wp\/v2\/pages\/30\/revisions\/1333"}],"wp:attachment":[{"href":"https:\/\/sima.org.uy\/index.php?rest_route=%2Fwp%2Fv2%2Fmedia&parent=30"}],"curies":[{"name":"wp","href":"https:\/\/api.w.org\/{rel}","templated":true}]}}